{"id":33,"date":"2010-10-15T18:10:55","date_gmt":"2010-10-15T16:10:55","guid":{"rendered":"http:\/\/www.lagotto.net\/cascinetta\/?page_id=33"},"modified":"2016-01-28T21:30:12","modified_gmt":"2016-01-28T19:30:12","slug":"allevamento-e-cura","status":"publish","type":"page","link":"http:\/\/www.lagotto.net\/?page_id=33","title":{"rendered":"ALLEVAMENTO E CURA"},"content":{"rendered":"<h2 style=\"text-align: center;\"><span style=\"color: #800000;\"><br \/>\nCura e alimentazione<\/span><\/h2>\n<p>Il Lagotto \u00e8 un cane rustico ed estremamente adattabile, pu\u00f2 vivere in uno spazio recintato all&#8217;interno del giardino in cui sia presente una zona coperta con una cuccia ben riparata, non necessita di uno spazio particolarmente grande ma \u00e8 importante assicurargli una passeggiata quotidiana all&#8217;aperto. E&#8217; un cane che si adatta anche a vivere in un appartamento ed in questo caso diventa essenziale la possibilit\u00e0 di uscite regolari.<\/p>\n<p>Anche per quanto riguarda l&#8217;alimentazione non ha esigenze particolarmente sofisticate e si adatter\u00e0 senza problemi a quello che gli proporrete, una dieta commerciale di buona qualit\u00e0 potr\u00e0 soddisfare in pieno le sue esigenze, come per tutti i cani la dieta va variata il meno possibile e sempre in modo graduale per evitare problemi di digestione. Una maggiore attenzione va rivolta ai soggetti che lavorano specialmente nella stagione fredda, in questo caso \u00e8 necessario fornire con l&#8217;alimentazione un adeguato apporto calorico ottenibile con una giusta quantit\u00e0 di grassi<\/p>\n<p>La fase di accrescimento in questa razza non comporta particolari problemi, \u00e8 importante una dieta bilanciata e se si opta per una razione preparata in casa \u00e8 necessario prevedere una integrazione vitaminica e minerale senza eccedere in particolare con l&#8217;integrazione di calcio. Il cucciolo non va sottoposto ad attivit\u00e0 fisica intensa fino a che non abbia completato lo sviluppo scheletrico.<\/p>\n<h2 style=\"text-align: center;\"><span style=\"color: #993300;\">Toelettatura<\/span><\/h2>\n<p>Visto il tipo di mantello con pelo a crescita continua e che tende ad infeltrire \u00e8 importante prevedere regolari interventi di toelettatura per il benessere del cane e per prevenire alcuni fastidiosi problemi.<\/p>\n<p>Il lagotto andrebbe tosato completamente due volte all&#8217;anno in primavera avanzata e prima della fine dell&#8217;estate e questo \u00e8 praticamente d&#8217;obbligo per i soggetti che lavorano, inoltre durante l&#8217;inverno la lunghezza del pelo va regolata con le forbici in base alle necessit\u00e0. La tosatura in estate riduce notevolmente il rischio di problemi causati da spighe di graminacee che nei cani col pelo lungo si attaccano facilmente e si infilano nelle orecchie e spesso tra le dita. Il pelo che cresce all&#8217;interno del condotto auricolare va regolarmente strappato per facilitare una migliore aerazione dell&#8217;orecchio ed una pi\u00f9 efficace eliminazione del cerume.<\/p>\n<p>Se si vuole presentare il cane in esposizione gli interventi di tosatura vanno per forza limitati e quando si effattuano conviene risparmiare la testa. Va considerato che dopo una tosatura occorrono almeno 3 o 4 mesi per ritornare ad una lunghezza di pelo adeguata sul corpo, mentre per la testa ed in particolare i baffi occorre molto di pi\u00f9.<\/p>\n<p>Per tenere il cane in buone condizioni di pelo \u00e8 opportuno pettinarlo accuratamente ogni 2 o 3 settimane per impedire la formazione di nodi e l&#8217;infeltrimento del pelo, dopo questa operazione il cane va lavato o comunque bagnato per far riprendere al pelo la naturale arricciatura, \u00e8 consigliabile bagnarlo leggermente per alcuni giorni per ottenere un riccio ottimale. E bene pettinare e lavare il cane almeno una settimana prima di una esposizione.<\/p>\n<h2 style=\"text-align: center;\"><span style=\"color: #993300;\">Alcuni aspetti sanitari<\/span><\/h2>\n<p>Il Lagotto \u00e8 un cane estremamente sano, una buona alimentazione ed un corretto programma di profilassi per quanto riguarda le vaccinazioni, i parassiti interni ed esterni e la filariosi cardiopolmonare nelle zone a rischio di infezione, basteranno per garantirgli un ottimo stato di salute ed una vita piuttosto lunga (arriva abbastanza facilmente a 15 anni ed oltre).<\/p>\n<p>Questa razza non presenta una particolare predisposizione per malattie della pelle o per otiti, a condizione che il mantello venga curato in modo corretto e che si attui un controllo dei parassiti. Da segnalare l&#8217;alopecia del fianco, comune anche ad altri cani da acqua, probabilmente su base ormonale. Si presenta di solito all&#8217;inizio dell&#8217;inverno con una perdita di pelo di estensione variabile sui fianchi senza che vi siano alterazioni della pelle e si risolve spontaneamente in primavera con la ricrescita completa del pelo.<\/p>\n<p>Tra le malattie ereditarie vi \u00e8 una certa incidenza di displasia dell&#8217;anca, per la quale \u00e8 in atto un programma di controllo e sono segnalati alcuni casi di lussazione della rotula. In base alla mia esperienza criptorchidismo e patologie oculari hanno un&#8217;incidenza marginale.<\/p>\n<a class=\"maxbutton-1 maxbutton maxbutton-indietro-lagotto\" href=\"http:\/\/www.lagotto.net\/cascinetta\/?page_id=16\"><span class='mb-text'>&lt;&lt; Indietro<\/span><\/a>\n","protected":false},"excerpt":{"rendered":"<p>Cura e alimentazione Il Lagotto \u00e8 un cane rustico ed estremamente adattabile, pu\u00f2 vivere in uno spazio recintato all&#8217;interno del giardino in cui sia presente una zona coperta con una cuccia ben riparata, non necessita di uno spazio particolarmente grande <span class=\"excerpt-dots\">&hellip;<\/span> <a class=\"more-link\" href=\"http:\/\/www.lagotto.net\/?page_id=33\"><span class=\"more-msg\">Continua a leggere &rarr;<\/span><\/a><\/p>\n","protected":false},"author":1,"featured_media":0,"parent":16,"menu_order":2,"comment_status":"closed","ping_status":"closed","template":"","meta":{"ngg_post_thumbnail":0,"footnotes":""},"class_list":["post-33","page","type-page","status-publish","hentry"],"_links":{"self":[{"href":"http:\/\/www.lagotto.net\/index.php?rest_route=\/wp\/v2\/pages\/33","targetHints":{"allow":["GET"]}}],"collection":[{"href":"http:\/\/www.lagotto.net\/index.php?rest_route=\/wp\/v2\/pages"}],"about":[{"href":"http:\/\/www.lagotto.net\/index.php?rest_route=\/wp\/v2\/types\/page"}],"author":[{"embeddable":true,"href":"http:\/\/www.lagotto.net\/index.php?rest_route=\/wp\/v2\/users\/1"}],"replies":[{"embeddable":true,"href":"http:\/\/www.lagotto.net\/index.php?rest_route=%2Fwp%2Fv2%2Fcomments&post=33"}],"version-history":[{"count":21,"href":"http:\/\/www.lagotto.net\/index.php?rest_route=\/wp\/v2\/pages\/33\/revisions"}],"predecessor-version":[{"id":3855,"href":"http:\/\/www.lagotto.net\/index.php?rest_route=\/wp\/v2\/pages\/33\/revisions\/3855"}],"up":[{"embeddable":true,"href":"http:\/\/www.lagotto.net\/index.php?rest_route=\/wp\/v2\/pages\/16"}],"wp:attachment":[{"href":"http:\/\/www.lagotto.net\/index.php?rest_route=%2Fwp%2Fv2%2Fmedia&parent=33"}],"curies":[{"name":"wp","href":"https:\/\/api.w.org\/{rel}","templated":true}]}}