{"id":19,"date":"2010-09-24T16:59:02","date_gmt":"2010-09-24T14:59:02","guid":{"rendered":"http:\/\/www.lagotto.net\/cascinetta\/?page_id=19"},"modified":"2024-05-20T19:24:13","modified_gmt":"2024-05-20T17:24:13","slug":"lagotto-e-tartufo","status":"publish","type":"page","link":"https:\/\/www.lagotto.net\/?page_id=19","title":{"rendered":"LAGOTTO E TARTUFO"},"content":{"rendered":"<p style=\"text-align: center;\"><a class=\"maxbutton-4 maxbutton maxbutton-la-cerca-del-tartufo\" href=\"http:\/\/www.lagotto.net\/cascinetta\/?page_id=849\"><span class='mb-text'>La cerca del tartufo<\/span><\/a> &nbsp; &nbsp; &nbsp; &nbsp; &nbsp;<a class=\"maxbutton-8 maxbutton maxbutton-il-cane-da-tartufo\" href=\"http:\/\/www.lagotto.net\/cascinetta\/?page_id=1746\"><span class='mb-text'>Il cane da tartufo<\/span><\/a> &nbsp; &nbsp; &nbsp; &nbsp; &nbsp;<a class=\"maxbutton-9 maxbutton maxbutton-addestramento\" href=\"http:\/\/www.lagotto.net\/cascinetta\/?page_id=1750\"><span class='mb-text'>Addestramento<\/span><\/a> &nbsp; &nbsp; &nbsp; &nbsp; &nbsp;<a class=\"maxbutton-10 maxbutton maxbutton-standard-di-lavoro\" href=\"http:\/\/www.lagotto.net\/cascinetta\/?page_id=1752\"><span class='mb-text'>Standard di lavoro<\/span><\/a><\/p>\n<p style=\"text-align: center;\">ngg_shortcode_0_placeholder<\/p>\n<p style=\"text-align: center;\">Il Lagotto Romagnolo riunisce molte caratteristiche che lo rendono ideale per la cerca del tartufo: la taglia, la rusticit\u00e0, la resistenza alla fatica, l&#8217;attitudine alla cerca, la scomparsa dell&#8217;istinto venatorio, la precocit\u00e0 e facilit\u00e0 di addestramento. E&#8217; l&#8217;unica razza pura che riunisce questi caratteri e che viene selezionata espressamente per questo lavoro.<\/p>\n<p style=\"text-align: center;\">Noi, attraverso la selezione ed un opportuno addestramento, puntiamo a migliorare al massimo queste caratteristiche, per ottenere cani con una cerca briosa e spettacolare e molto appassionati al tartufo. L&#8217;impegno in questa direzione \u00e8 dimostrato dai risultati ottenuti nelle prove di lavoro dai nostri soggetti.<\/p>\n","protected":false},"excerpt":{"rendered":"<p>&nbsp; &nbsp; &nbsp; &nbsp; &nbsp; &nbsp; &nbsp; &nbsp; &nbsp; &nbsp; &nbsp; &nbsp; &nbsp; &nbsp; &nbsp; Il Lagotto Romagnolo riunisce molte caratteristiche che lo rendono ideale per la cerca del tartufo: la taglia, la rusticit\u00e0, la resistenza alla fatica, l&#8217;attitudine alla <span class=\"excerpt-dots\">&hellip;<\/span> <a class=\"more-link\" href=\"https:\/\/www.lagotto.net\/?page_id=19\"><span class=\"more-msg\">Continua a leggere &rarr;<\/span><\/a><\/p>\n","protected":false},"author":1,"featured_media":0,"parent":0,"menu_order":2,"comment_status":"closed","ping_status":"closed","template":"","meta":{"ngg_post_thumbnail":0,"footnotes":""},"class_list":["post-19","page","type-page","status-publish","hentry"],"_links":{"self":[{"href":"https:\/\/www.lagotto.net\/index.php?rest_route=\/wp\/v2\/pages\/19","targetHints":{"allow":["GET"]}}],"collection":[{"href":"https:\/\/www.lagotto.net\/index.php?rest_route=\/wp\/v2\/pages"}],"about":[{"href":"https:\/\/www.lagotto.net\/index.php?rest_route=\/wp\/v2\/types\/page"}],"author":[{"embeddable":true,"href":"https:\/\/www.lagotto.net\/index.php?rest_route=\/wp\/v2\/users\/1"}],"replies":[{"embeddable":true,"href":"https:\/\/www.lagotto.net\/index.php?rest_route=%2Fwp%2Fv2%2Fcomments&post=19"}],"version-history":[{"count":25,"href":"https:\/\/www.lagotto.net\/index.php?rest_route=\/wp\/v2\/pages\/19\/revisions"}],"predecessor-version":[{"id":5583,"href":"https:\/\/www.lagotto.net\/index.php?rest_route=\/wp\/v2\/pages\/19\/revisions\/5583"}],"wp:attachment":[{"href":"https:\/\/www.lagotto.net\/index.php?rest_route=%2Fwp%2Fv2%2Fmedia&parent=19"}],"curies":[{"name":"wp","href":"https:\/\/api.w.org\/{rel}","templated":true}]}}